{"id":2356,"date":"2021-01-11T15:13:04","date_gmt":"2021-01-11T14:13:04","guid":{"rendered":"http:\/\/www.spintel.it\/update\/?page_id=2356"},"modified":"2021-01-12T16:14:42","modified_gmt":"2021-01-12T15:14:42","slug":"shop","status":"publish","type":"page","link":"https:\/\/www.spintel.it\/update\/shop\/","title":{"rendered":"Shop"},"content":{"rendered":"<h2 class=\"porto-heading\" style=\"\" data-appear-animation=\"fadeInUp\">Soluzione Shop.come vuoi tu<\/h2>\n\n\n<p>Avere sotto controllo gli ambienti in cui si lavora \u00e8 una necessit\u00e0 talvolta pi\u00f9 importante del controllo della propria abitazione e su questo punto la Spintel s.r.l. ha spinto nello sviluppo di soluzioni che integrano i diversi impianti presenti nei luoghi di lavoro al fine di avere il controllo totale di essi, nonch\u00e9 ottenere benefici energetici.<\/p>\n\n\n\n<div class=\"wp-block-image\"><figure class=\"aligncenter size-large\"><img fetchpriority=\"high\" decoding=\"async\" width=\"1024\" height=\"846\" src=\"http:\/\/www.spintel.it\/update\/wp-content\/uploads\/2021\/01\/servizi_shop1-1024x8461_1.png\" alt=\"\" class=\"wp-image-2456\" srcset=\"https:\/\/www.spintel.it\/update\/wp-content\/uploads\/2021\/01\/servizi_shop1-1024x8461_1.png 1024w, https:\/\/www.spintel.it\/update\/wp-content\/uploads\/2021\/01\/servizi_shop1-1024x8461_1-768x635.png 768w, https:\/\/www.spintel.it\/update\/wp-content\/uploads\/2021\/01\/servizi_shop1-1024x8461_1-640x529.png 640w, https:\/\/www.spintel.it\/update\/wp-content\/uploads\/2021\/01\/servizi_shop1-1024x8461_1-400x330.png 400w, https:\/\/www.spintel.it\/update\/wp-content\/uploads\/2021\/01\/servizi_shop1-1024x8461_1-367x303.png 367w, https:\/\/www.spintel.it\/update\/wp-content\/uploads\/2021\/01\/servizi_shop1-1024x8461_1-600x496.png 600w\" sizes=\"(max-width: 1024px) 100vw, 1024px\" \/><\/figure><\/div>\n\n\n\n<figure class=\"wp-block-table\"><table><tbody><tr><td><strong>Sistema di automazione<br><\/strong>gestione illuminazione, carichi, aperture motorizzate.<\/td><\/tr><tr><td><strong>Gestione consumi energetici<br><\/strong>monitoraggio consumi, sistema di attuazione carichi al fine di evitare sprechi energetici, predizione e pianificazione dei costi.<\/td><\/tr><tr><td><strong>Termoregolazione<br><\/strong>gestione efficiente della climatizzazione degli ambienti con notevole risparmio in bolletta (- 30\/40 % della spesa).<\/td><\/tr><tr><td><strong>Sicurezza Ambientale<br><\/strong>rete di sensori e attuatori per rilevare e bloccare eventuali fughe gas, incendi, allagamenti.<\/td><\/tr><tr><td><strong>Sicurezza antintrusione<br><\/strong>sistemi avanzati antintrusione e videosorveglianza.<\/td><\/tr><tr><td><strong>Controllo accessi<br><\/strong>sistema evoluto di gestione degli accessi del personale.<\/td><\/tr><tr><td><strong>Gestione vetrine<br><\/strong>scenari di luce personalizzabili e auto-programmabili (dimmeraggio lampade, effetti RGB, ecc.) per mettere in risalto le vetrine e i prodotti, dando un tocco di eleganza ai locali e personalizzandoli secondo i gusti della clientela.<\/td><\/tr><tr><td><strong>Sistema audio diffusione<br><\/strong>la giusta atmosfera musicale in linea all\u2019attivit\u00e0 commerciale.<\/td><\/tr><\/tbody><\/table><\/figure>\n","protected":false},"excerpt":{"rendered":"<p>Avere sotto controllo gli ambienti in cui si lavora \u00e8 una necessit\u00e0 talvolta pi\u00f9 importante del controllo della propria abitazione e su questo punto la Spintel s.r.l. ha spinto nello sviluppo di soluzioni che integrano i diversi impianti presenti nei luoghi di lavoro al fine di avere il controllo totale di essi, nonch\u00e9 ottenere benefici [&hellip;]<\/p>\n","protected":false},"author":1,"featured_media":0,"parent":0,"menu_order":0,"comment_status":"closed","ping_status":"closed","template":"","meta":{"footnotes":""},"class_list":["post-2356","page","type-page","status-publish","hentry"],"_links":{"self":[{"href":"https:\/\/www.spintel.it\/update\/wp-json\/wp\/v2\/pages\/2356"}],"collection":[{"href":"https:\/\/www.spintel.it\/update\/wp-json\/wp\/v2\/pages"}],"about":[{"href":"https:\/\/www.spintel.it\/update\/wp-json\/wp\/v2\/types\/page"}],"author":[{"embeddable":true,"href":"https:\/\/www.spintel.it\/update\/wp-json\/wp\/v2\/users\/1"}],"replies":[{"embeddable":true,"href":"https:\/\/www.spintel.it\/update\/wp-json\/wp\/v2\/comments?post=2356"}],"version-history":[{"count":2,"href":"https:\/\/www.spintel.it\/update\/wp-json\/wp\/v2\/pages\/2356\/revisions"}],"predecessor-version":[{"id":2457,"href":"https:\/\/www.spintel.it\/update\/wp-json\/wp\/v2\/pages\/2356\/revisions\/2457"}],"wp:attachment":[{"href":"https:\/\/www.spintel.it\/update\/wp-json\/wp\/v2\/media?parent=2356"}],"curies":[{"name":"wp","href":"https:\/\/api.w.org\/{rel}","templated":true}]}}