{"id":2343,"date":"2021-01-11T15:08:38","date_gmt":"2021-01-11T14:08:38","guid":{"rendered":"http:\/\/www.spintel.it\/update\/?page_id=2343"},"modified":"2021-01-12T11:04:31","modified_gmt":"2021-01-12T10:04:31","slug":"domotica","status":"publish","type":"page","link":"https:\/\/www.spintel.it\/update\/domotica\/","title":{"rendered":"Domotica"},"content":{"rendered":"\n<div class=\"wp-block-columns is-layout-flex wp-container-core-columns-is-layout-1 wp-block-columns-is-layout-flex\">\n<div class=\"wp-block-column is-layout-flow wp-block-column-is-layout-flow\">\n<figure class=\"wp-block-image size-large is-resized\"><img fetchpriority=\"high\" decoding=\"async\" src=\"http:\/\/www.spintel.it\/update\/wp-content\/uploads\/2021\/01\/Controllo.png\" alt=\"\" class=\"wp-image-2399\" width=\"554\" height=\"274\" srcset=\"https:\/\/www.spintel.it\/update\/wp-content\/uploads\/2021\/01\/Controllo-400x198.png 400w, https:\/\/www.spintel.it\/update\/wp-content\/uploads\/2021\/01\/Controllo-367x182.png 367w\" sizes=\"(max-width: 554px) 100vw, 554px\" \/><\/figure>\n\n\n\n<h2 class=\"wp-block-heading\">Controllo Ambienti<\/h2>\n\n\n\n<p>Il controllo degli ambienti pu\u00f2 essere gestito da un unico punto, sfruttando eleganti touch da parete per gestire al massimo tutta la potenza della domotica In un era in cui si \u00e8 abituati ad un controllo a distanza, forniamo comunque soluzioni con elementi semplici e facili da utilizzare quale \u00e8 il telecomando, dando uno strumento di controllo dedicato a tutti i tipi di clienti.<\/p>\n<\/div>\n\n\n\n<div class=\"wp-block-column is-layout-flow wp-block-column-is-layout-flow\">\n<figure class=\"wp-block-image size-large\"><img decoding=\"async\" width=\"595\" height=\"295\" src=\"http:\/\/www.spintel.it\/update\/wp-content\/uploads\/2021\/01\/Soluzioni.png\" alt=\"\" class=\"wp-image-2400\" srcset=\"https:\/\/www.spintel.it\/update\/wp-content\/uploads\/2021\/01\/Soluzioni.png 595w, https:\/\/www.spintel.it\/update\/wp-content\/uploads\/2021\/01\/Soluzioni-400x198.png 400w, https:\/\/www.spintel.it\/update\/wp-content\/uploads\/2021\/01\/Soluzioni-367x182.png 367w\" sizes=\"(max-width: 595px) 100vw, 595px\" \/><\/figure>\n\n\n\n<h2 class=\"wp-block-heading\">Soluzioni<\/h2>\n\n\n\n<p>Soluzioni efficaci e personalizzate per avere pieno controllo degli ambienti attraverso l\u2019uso di qualsiasi smartphone. Il controllo di luci, allarme, tapparelle, videosorveglianza, climatizzazione, consumi energetici, sar\u00e0 sempre a portata di mano<\/p>\n<\/div>\n<\/div>\n\n\n\n<div class=\"wp-block-columns is-layout-flex wp-container-core-columns-is-layout-2 wp-block-columns-is-layout-flex\">\n<div class=\"wp-block-column is-layout-flow wp-block-column-is-layout-flow\">\n<h2 class=\"wp-block-heading\">Software Comunicazione e Controllo<\/h2>\n\n\n\n<p>Nasce iRC (Intelligent Remote Control), il rivoluzionario Software di controllo e supervisione degli ambienti domotici, fruibile su qualsiasi piattaforma Software (Windows, IOS, Android).<\/p>\n\n\n\n<p>Soluzioni personalizzate sono progettate per comunicare con l\u2019impianto domotico attraverso l\u2019uso di qualsiasi dispositivo, sia esso un PC, tablet o smartphone. Sono stati realizzati applicativi in grado di venire incontro alle esigenze di qualsiasi cliente, senza dover ricorrere all\u2019uso di un dispositivo piuttosto che un altro. Il nostro know how tecnico e ingegneristico ha portato alla produzione e realizzazione di una piattaforma in grado di fornire strumenti tali per poter sviluppare soluzioni dedicate in relazione all\u2019 hardware utilizzato.<\/p>\n<\/div>\n\n\n\n<div class=\"wp-block-column is-layout-flow wp-block-column-is-layout-flow\">\n<figure class=\"wp-block-image size-large\"><img decoding=\"async\" width=\"595\" height=\"295\" src=\"http:\/\/www.spintel.it\/update\/wp-content\/uploads\/2021\/01\/Software.png\" alt=\"\" class=\"wp-image-2401\" srcset=\"https:\/\/www.spintel.it\/update\/wp-content\/uploads\/2021\/01\/Software.png 595w, https:\/\/www.spintel.it\/update\/wp-content\/uploads\/2021\/01\/Software-400x198.png 400w, https:\/\/www.spintel.it\/update\/wp-content\/uploads\/2021\/01\/Software-367x182.png 367w\" sizes=\"(max-width: 595px) 100vw, 595px\" \/><\/figure>\n<\/div>\n<\/div>\n\n\n\n<div class=\"wp-block-columns is-layout-flex wp-container-core-columns-is-layout-3 wp-block-columns-is-layout-flex\">\n<div class=\"wp-block-column is-layout-flow wp-block-column-is-layout-flow\">\n<figure class=\"wp-block-image size-large\"><img loading=\"lazy\" decoding=\"async\" width=\"595\" height=\"295\" src=\"http:\/\/www.spintel.it\/update\/wp-content\/uploads\/2021\/01\/Comfort.png\" alt=\"\" class=\"wp-image-2402\" srcset=\"https:\/\/www.spintel.it\/update\/wp-content\/uploads\/2021\/01\/Comfort.png 595w, https:\/\/www.spintel.it\/update\/wp-content\/uploads\/2021\/01\/Comfort-400x198.png 400w, https:\/\/www.spintel.it\/update\/wp-content\/uploads\/2021\/01\/Comfort-367x182.png 367w\" sizes=\"(max-width: 595px) 100vw, 595px\" \/><\/figure>\n\n\n\n<h2 class=\"wp-block-heading\">Comfort<\/h2>\n\n\n\n<p>Ambienti sempre confortevoli saranno pronti ad accoglierti secondo le tue esigenze, grazie ai diversi scenari che potrai creare facendo interagire tutti gli elementi del tuo impianto I Touch Panel e le Glass Touch sono accessori che danno un tocco di classe ed un elevato grado di comfort alle abitazioni<\/p>\n<\/div>\n\n\n\n<div class=\"wp-block-column is-layout-flow wp-block-column-is-layout-flow\">\n<figure class=\"wp-block-image size-large\"><img loading=\"lazy\" decoding=\"async\" width=\"595\" height=\"295\" src=\"http:\/\/www.spintel.it\/update\/wp-content\/uploads\/2021\/01\/Audio.png\" alt=\"\" class=\"wp-image-2403\" srcset=\"https:\/\/www.spintel.it\/update\/wp-content\/uploads\/2021\/01\/Audio.png 595w, https:\/\/www.spintel.it\/update\/wp-content\/uploads\/2021\/01\/Audio-400x198.png 400w, https:\/\/www.spintel.it\/update\/wp-content\/uploads\/2021\/01\/Audio-367x182.png 367w\" sizes=\"(max-width: 595px) 100vw, 595px\" \/><\/figure>\n\n\n\n<h2 class=\"wp-block-heading\">Audio video<\/h2>\n\n\n\n<p>Le parole e la musica in movimento: all\u2019interno, sul terrazzo o nel parco, in spazi grandi e piccoli, atmosfere e suggestioni, completano un servizio curato in ogni particolare. Porta la tua musica in ogni ambiente con la perfetta qualit\u00e0 del suono e tante versioni di diffusori.<\/p>\n<\/div>\n<\/div>\n\n\n\n<div class=\"wp-block-columns is-layout-flex wp-container-core-columns-is-layout-4 wp-block-columns-is-layout-flex\">\n<div class=\"wp-block-column is-layout-flow wp-block-column-is-layout-flow\">\n<h2 class=\"wp-block-heading\">Sicurezza Ambientale<\/h2>\n\n\n\n<p>I sensori di sicurezza sono utilizzati per ridurre diversi rischi agendo in modo automatico sui diversi attuatori, al verificarsi di eventi come fughe gas, allagamenti, eventi naturali. Una casa sicura che garantisce la protezione di tutta la famiglia.<\/p>\n\n\n\n<p>Vivi in tranquillit\u00e0 e serenit\u00e0 con la sicurezza di avere sempre sotto controllo gli ambienti a te pi\u00f9 cari. Moderni sistemi antifurto e di video sorveglianza lavorano in sinergia con altri dispositivi della casa, quali luci, motorizzazioni serramenti ed impianto di irrigazione, per segnalare l\u2019effrazione ed eventualmente ostacolare la fuga degli intrusi.<\/p>\n<\/div>\n\n\n\n<div class=\"wp-block-column is-layout-flow wp-block-column-is-layout-flow\">\n<figure class=\"wp-block-image size-large\"><img loading=\"lazy\" decoding=\"async\" width=\"595\" height=\"295\" src=\"http:\/\/www.spintel.it\/update\/wp-content\/uploads\/2021\/01\/Sicurezza-Ambientale.png\" alt=\"\" class=\"wp-image-2404\" srcset=\"https:\/\/www.spintel.it\/update\/wp-content\/uploads\/2021\/01\/Sicurezza-Ambientale.png 595w, https:\/\/www.spintel.it\/update\/wp-content\/uploads\/2021\/01\/Sicurezza-Ambientale-400x198.png 400w, https:\/\/www.spintel.it\/update\/wp-content\/uploads\/2021\/01\/Sicurezza-Ambientale-367x182.png 367w\" sizes=\"(max-width: 595px) 100vw, 595px\" \/><\/figure>\n<\/div>\n<\/div>\n\n\n\n<div class=\"wp-block-columns is-layout-flex wp-container-core-columns-is-layout-5 wp-block-columns-is-layout-flex\">\n<div class=\"wp-block-column is-layout-flow wp-block-column-is-layout-flow\">\n<figure class=\"wp-block-image size-large\"><img loading=\"lazy\" decoding=\"async\" width=\"595\" height=\"295\" src=\"http:\/\/www.spintel.it\/update\/wp-content\/uploads\/2021\/01\/Video_sorveglianza.png\" alt=\"\" class=\"wp-image-2405\" srcset=\"https:\/\/www.spintel.it\/update\/wp-content\/uploads\/2021\/01\/Video_sorveglianza.png 595w, https:\/\/www.spintel.it\/update\/wp-content\/uploads\/2021\/01\/Video_sorveglianza-400x198.png 400w, https:\/\/www.spintel.it\/update\/wp-content\/uploads\/2021\/01\/Video_sorveglianza-367x182.png 367w\" sizes=\"(max-width: 595px) 100vw, 595px\" \/><\/figure>\n\n\n\n<h2 class=\"wp-block-heading\">Video Sorveglianza<\/h2>\n\n\n\n<p>Tieni sempre d&#8217;occhio l&#8217;interno e l&#8217;esterno della tua casa attraverso una rete di telecamere Ip con motion detection che permettono la registrazione dei movimenti all&#8217;interno della tua abitazione. Visualizza in tempo reale quello che sta accadendo attraverso le specifiche app per android e ios o attraverso un qualunque browser accedendo al nostro sistema da remoto.<\/p>\n<\/div>\n\n\n\n<div class=\"wp-block-column is-layout-flow wp-block-column-is-layout-flow\">\n<figure class=\"wp-block-image size-large\"><img loading=\"lazy\" decoding=\"async\" width=\"595\" height=\"295\" src=\"http:\/\/www.spintel.it\/update\/wp-content\/uploads\/2021\/01\/Antintrusione.png\" alt=\"\" class=\"wp-image-2406\" srcset=\"https:\/\/www.spintel.it\/update\/wp-content\/uploads\/2021\/01\/Antintrusione.png 595w, https:\/\/www.spintel.it\/update\/wp-content\/uploads\/2021\/01\/Antintrusione-400x198.png 400w, https:\/\/www.spintel.it\/update\/wp-content\/uploads\/2021\/01\/Antintrusione-367x182.png 367w\" sizes=\"(max-width: 595px) 100vw, 595px\" \/><\/figure>\n\n\n\n<h2 class=\"wp-block-heading\">Sistema Antintrusione<\/h2>\n\n\n\n<p>Difendi la tua casa da intrusioni non autorizzate con il nostro sistema di sicurezza composto da contatti magnetici per infissi e porte e sensori di movimento a infrarossi. Effrazioni e movimenti sospetti all&#8217;interno dell&#8217;abitazione verranno rilevati e notificati immediatamente sui numeri telefonici scelti e alle autorit\u00e0 competenti.<\/p>\n<\/div>\n<\/div>\n\n\n\n<div class=\"wp-block-columns is-layout-flex wp-container-core-columns-is-layout-6 wp-block-columns-is-layout-flex\">\n<div class=\"wp-block-column is-layout-flow wp-block-column-is-layout-flow\">\n<figure class=\"wp-block-image size-large\"><img loading=\"lazy\" decoding=\"async\" width=\"595\" height=\"295\" src=\"http:\/\/www.spintel.it\/update\/wp-content\/uploads\/2021\/01\/Carichi.png\" alt=\"\" class=\"wp-image-2407\" srcset=\"https:\/\/www.spintel.it\/update\/wp-content\/uploads\/2021\/01\/Carichi.png 595w, https:\/\/www.spintel.it\/update\/wp-content\/uploads\/2021\/01\/Carichi-400x198.png 400w, https:\/\/www.spintel.it\/update\/wp-content\/uploads\/2021\/01\/Carichi-367x182.png 367w\" sizes=\"(max-width: 595px) 100vw, 595px\" \/><\/figure>\n\n\n\n<h2 class=\"wp-block-heading\">Controllo Carichi<\/h2>\n\n\n\n<p>I diversi carichi elettrici sono gestiti in modo efficiente per evitare inutili sprechi energetici grazie al nostro sistema intelligente, \u00e8 possibile effettuare azionamenti intelligenti auto-programmati e in caso di superamento di soglia energetica la funzione stacca carichi evita inutili black-out elettrici<\/p>\n<\/div>\n\n\n\n<div class=\"wp-block-column is-layout-flow wp-block-column-is-layout-flow\">\n<figure class=\"wp-block-image size-large\"><img loading=\"lazy\" decoding=\"async\" width=\"595\" height=\"295\" src=\"http:\/\/www.spintel.it\/update\/wp-content\/uploads\/2021\/01\/cronotermostato.png\" alt=\"\" class=\"wp-image-2408\" srcset=\"https:\/\/www.spintel.it\/update\/wp-content\/uploads\/2021\/01\/cronotermostato.png 595w, https:\/\/www.spintel.it\/update\/wp-content\/uploads\/2021\/01\/cronotermostato-400x198.png 400w, https:\/\/www.spintel.it\/update\/wp-content\/uploads\/2021\/01\/cronotermostato-367x182.png 367w\" sizes=\"(max-width: 595px) 100vw, 595px\" \/><\/figure>\n\n\n\n<h2 class=\"wp-block-heading\">Cronotermostato<\/h2>\n\n\n\n<p>Ambienti sempre confortevoli saranno pronti ad accoglierti determinando in modo automatico la temperatura di ambiente in base alle tue abitudini. Il termostato intelligente dialoga inoltre con i diversi sensori al fine di evitare inutili sprechi energetici<\/p>\n<\/div>\n<\/div>\n\n\n\n<p><\/p>\n","protected":false},"excerpt":{"rendered":"<p>Controllo Ambienti Il controllo degli ambienti pu\u00f2 essere gestito da un unico punto, sfruttando eleganti touch da parete per gestire al massimo tutta la potenza della domotica In un era in cui si \u00e8 abituati ad un controllo a distanza, forniamo comunque soluzioni con elementi semplici e facili da utilizzare quale \u00e8 il telecomando, dando [&hellip;]<\/p>\n","protected":false},"author":1,"featured_media":0,"parent":0,"menu_order":0,"comment_status":"closed","ping_status":"closed","template":"elementor_theme","meta":{"footnotes":""},"class_list":["post-2343","page","type-page","status-publish","hentry"],"_links":{"self":[{"href":"https:\/\/www.spintel.it\/update\/wp-json\/wp\/v2\/pages\/2343"}],"collection":[{"href":"https:\/\/www.spintel.it\/update\/wp-json\/wp\/v2\/pages"}],"about":[{"href":"https:\/\/www.spintel.it\/update\/wp-json\/wp\/v2\/types\/page"}],"author":[{"embeddable":true,"href":"https:\/\/www.spintel.it\/update\/wp-json\/wp\/v2\/users\/1"}],"replies":[{"embeddable":true,"href":"https:\/\/www.spintel.it\/update\/wp-json\/wp\/v2\/comments?post=2343"}],"version-history":[{"count":7,"href":"https:\/\/www.spintel.it\/update\/wp-json\/wp\/v2\/pages\/2343\/revisions"}],"predecessor-version":[{"id":2418,"href":"https:\/\/www.spintel.it\/update\/wp-json\/wp\/v2\/pages\/2343\/revisions\/2418"}],"wp:attachment":[{"href":"https:\/\/www.spintel.it\/update\/wp-json\/wp\/v2\/media?parent=2343"}],"curies":[{"name":"wp","href":"https:\/\/api.w.org\/{rel}","templated":true}]}}