{"id":143,"date":"2016-06-20T07:48:11","date_gmt":"2016-06-20T07:48:11","guid":{"rendered":"http:\/\/sw-themes.com\/porto_dummy\/?page_id=143"},"modified":"2021-01-13T12:48:20","modified_gmt":"2021-01-13T11:48:20","slug":"home","status":"publish","type":"page","link":"https:\/\/www.spintel.it\/update\/","title":{"rendered":"Home"},"content":{"rendered":"\n<br>\n<br>\n\n\n\n<p><\/p>\n\n\n\n<p><\/p>\n\n\n\n<p><\/p>\n\n\n\n<div class=\"wp-block-columns is-layout-flex wp-container-core-columns-is-layout-3 wp-block-columns-is-layout-flex\">\n<div class=\"wp-block-column is-layout-flow wp-block-column-is-layout-flow\" style=\"flex-basis:100%\">\n<div class=\"wp-block-columns is-layout-flex wp-container-core-columns-is-layout-2 wp-block-columns-is-layout-flex\">\n<div class=\"wp-block-column is-layout-flow wp-block-column-is-layout-flow\" style=\"flex-basis:100%\">\n<div class=\"wp-block-columns is-layout-flex wp-container-core-columns-is-layout-1 wp-block-columns-is-layout-flex\">\n<div class=\"wp-block-column is-layout-flow wp-block-column-is-layout-flow\">\n<div class=\"wp-block-image is-style-rounded\"><figure class=\"aligncenter size-large is-resized\"><img fetchpriority=\"high\" decoding=\"async\" src=\"http:\/\/www.spintel.it\/update\/wp-content\/uploads\/2021\/01\/family.jpg\" alt=\"\" class=\"wp-image-2378\" width=\"261\" height=\"261\"\/><\/figure><\/div>\n\n\n\n<h2 class=\"has-text-align-center wp-block-heading\">Privati<\/h2>\n\n\n\n<p class=\"has-text-align-center\">La Spintel ha come uno dei suoi obiettivi pi\u00f9 importanti l\u2019utilizzo delle pi\u00f9 recenti tecnologie nel campo della domotica, in modo da poter realizzare un impianto domotico per la vostra abitazione e rendere la vostra casa un luogo molto confortevole e sicuro con costi contenuti ed accessibili a tutti.<\/p>\n<\/div>\n\n\n\n<div class=\"wp-block-column is-layout-flow wp-block-column-is-layout-flow\">\n<div class=\"wp-block-image is-style-rounded\"><figure class=\"aligncenter size-large is-resized\"><img decoding=\"async\" src=\"http:\/\/www.spintel.it\/update\/wp-content\/uploads\/2021\/01\/condominio.jpg\" alt=\"\" class=\"wp-image-2379\" width=\"254\" height=\"254\"\/><\/figure><\/div>\n\n\n\n<h2 class=\"has-text-align-center wp-block-heading\">Condomini<\/h2>\n\n\n\n<p class=\"has-text-align-center\">La Tecnologia ed il risparmio energetico al servizio dei condomini.Grazie alla building automation vengono offerti servizi relativi alla gestione intelligente degli ambienti per offrire un maggior comfort ed un risparmio energetico con vantaggi significativi in termini economici ed ambientali.<\/p>\n<\/div>\n\n\n\n<div class=\"wp-block-column is-layout-flow wp-block-column-is-layout-flow\">\n<div class=\"wp-block-image is-style-rounded\"><figure class=\"aligncenter size-large is-resized\"><img decoding=\"async\" src=\"http:\/\/www.spintel.it\/update\/wp-content\/uploads\/2021\/01\/designer.jpg\" alt=\"\" class=\"wp-image-2380\" width=\"254\" height=\"254\"\/><\/figure><\/div>\n\n\n\n<h2 class=\"has-text-align-center wp-block-heading\">Progettisti<\/h2>\n\n\n\n<p class=\"has-text-align-center\">Una prerogativa delle nostre proposte \u00e8 quella di dare la possibilit\u00e0 all\u2019utente di interagire e supervisionare la propria casa da remoto tramite app o browsers, con la certezza di dialogare con un Web Server protetto grazie all\u2019implementazione di protocolli di sicurezza Internet evoluti.<\/p>\n<\/div>\n<\/div>\n<\/div>\n<\/div>\n<\/div>\n<\/div>\n\n\n\n<div class=\"wp-block-columns is-layout-flex wp-container-core-columns-is-layout-4 wp-block-columns-is-layout-flex\">\n<div class=\"wp-block-column is-layout-flow wp-block-column-is-layout-flow\">\n<div class=\"wp-block-image is-style-rounded\"><figure class=\"aligncenter size-large is-resized\"><img loading=\"lazy\" decoding=\"async\" src=\"http:\/\/www.spintel.it\/update\/wp-content\/uploads\/2021\/01\/architetti.jpg\" alt=\"\" class=\"wp-image-2383\" width=\"254\" height=\"254\"\/><\/figure><\/div>\n\n\n\n<h2 class=\"has-text-align-center wp-block-heading\">Architetti<\/h2>\n\n\n\n<p class=\"has-text-align-center\">Soluzioni semplici ed efficaci per progettare una casa intelligente a misura d&#8217;uomo. Scopri le nostre offerte per gli architetti semplificando la realizzazione e l&#8217;installazione a partire dalla progettazione.<\/p>\n<\/div>\n\n\n\n<div class=\"wp-block-column is-layout-flow wp-block-column-is-layout-flow\">\n<div class=\"wp-block-image is-style-rounded\"><figure class=\"aligncenter size-large is-resized\"><img loading=\"lazy\" decoding=\"async\" src=\"http:\/\/www.spintel.it\/update\/wp-content\/uploads\/2021\/01\/shop.jpg\" alt=\"\" class=\"wp-image-2384\" width=\"254\" height=\"254\"\/><\/figure><\/div>\n\n\n\n<h2 class=\"has-text-align-center wp-block-heading\">Shop<\/h2>\n\n\n\n<p class=\"has-text-align-center\">Avere sotto controllo gli ambienti in cui si lavora \u00e8 una necessit\u00e0 talvolta pi\u00f9 importante del controllo della propria abitazione e su questo punto la Spintel s.r.l. ha spinto nello sviluppo di soluzioni che integrano i diversi impianti presenti nei luoghi di lavoro al fine di avere il controllo totale di essi, nonch\u00e9 ottenere benefici energetici.<\/p>\n<\/div>\n\n\n\n<div class=\"wp-block-column is-layout-flow wp-block-column-is-layout-flow\">\n<div class=\"wp-block-image is-style-rounded\"><figure class=\"aligncenter size-large is-resized\"><img loading=\"lazy\" decoding=\"async\" src=\"http:\/\/www.spintel.it\/update\/wp-content\/uploads\/2021\/01\/impiantisti.jpg\" alt=\"\" class=\"wp-image-2385\" width=\"254\" height=\"254\"\/><\/figure><\/div>\n\n\n\n<h2 class=\"has-text-align-center wp-block-heading\">Impiantisti<\/h2>\n\n\n\n<p class=\"has-text-align-center\">Per un installatore \u00e8 importante che prima di tutto il sistema sia affidabile, che l\u2019installazione sia chiara e lineare, che sia facile e veloce da programmare e che possibilmente possa essere aggiornato e mantenuto con estrema semplicit\u00e0.<\/p>\n<\/div>\n<\/div>\n\n\n<section class=\"vc_section porto-section porto-inner-container\"><div class=\"container\">\n\n<div class=\"wp-block-columns is-layout-flex wp-container-core-columns-is-layout-5 wp-block-columns-is-layout-flex\">\n<div class=\"wp-block-column is-layout-flow wp-block-column-is-layout-flow\" style=\"flex-basis:66.66%\"><h2 class=\"porto-heading\" style=\"\" data-appear-animation=\"fadeIn\">La soluzione perfetta per i privati <strong><span class=\"has-inline-color has-primary-color\">Comodit\u00e0 e Risparmio<\/span><\/strong><\/h2>\n\n\n<p>Il sistema di controllo Domomia consente di ridurre il consumo energetico dal 20% al 50% attraverso una profilazione dei consumi e azionamenti intelligenti. Pianifica le spese della tua casa e riduci i tuoi costi.<\/p>\n\n\n<a class=\"btn btn-md btn-primary\" href=\"http:\/\/www.spintel.it\/update\/casa\/\" data-appear-animation=\"fadeIn\"><span>Scopri di Pi\u00f9<\/span><\/a><\/div>\n\n\n\n<div class=\"wp-block-column is-layout-flow wp-block-column-is-layout-flow\" style=\"flex-basis:33.33%\">\n<figure class=\"wp-block-image size-large\"><img loading=\"lazy\" decoding=\"async\" width=\"500\" height=\"500\" src=\"http:\/\/www.spintel.it\/update\/wp-content\/uploads\/2021\/01\/homefet-1.jpg\" alt=\"\" class=\"wp-image-2503\" srcset=\"https:\/\/www.spintel.it\/update\/wp-content\/uploads\/2021\/01\/homefet-1.jpg 500w, https:\/\/www.spintel.it\/update\/wp-content\/uploads\/2021\/01\/homefet-1-400x400.jpg 400w, https:\/\/www.spintel.it\/update\/wp-content\/uploads\/2021\/01\/homefet-1-367x367.jpg 367w\" sizes=\"(max-width: 500px) 100vw, 500px\" \/><\/figure>\n<\/div>\n<\/div>\n\n\n\n<p><\/p>\n\n<\/div><\/section>\n\n<section class=\"vc_section porto-section porto-inner-container\"><div class=\"container\">\n\n<div class=\"wp-block-columns is-layout-flex wp-container-core-columns-is-layout-6 wp-block-columns-is-layout-flex\">\n<div class=\"wp-block-column is-layout-flow wp-block-column-is-layout-flow\" style=\"flex-basis:33.33%\">\n<figure class=\"wp-block-image size-large\"><img loading=\"lazy\" decoding=\"async\" width=\"1024\" height=\"846\" src=\"http:\/\/www.spintel.it\/update\/wp-content\/uploads\/2021\/01\/servizi_shop1-1024x8461_1-1.png\" alt=\"\" class=\"wp-image-2509\" srcset=\"https:\/\/www.spintel.it\/update\/wp-content\/uploads\/2021\/01\/servizi_shop1-1024x8461_1-1.png 1024w, https:\/\/www.spintel.it\/update\/wp-content\/uploads\/2021\/01\/servizi_shop1-1024x8461_1-1-768x635.png 768w, https:\/\/www.spintel.it\/update\/wp-content\/uploads\/2021\/01\/servizi_shop1-1024x8461_1-1-640x529.png 640w, https:\/\/www.spintel.it\/update\/wp-content\/uploads\/2021\/01\/servizi_shop1-1024x8461_1-1-400x330.png 400w, https:\/\/www.spintel.it\/update\/wp-content\/uploads\/2021\/01\/servizi_shop1-1024x8461_1-1-367x303.png 367w, https:\/\/www.spintel.it\/update\/wp-content\/uploads\/2021\/01\/servizi_shop1-1024x8461_1-1-600x496.png 600w\" sizes=\"(max-width: 1024px) 100vw, 1024px\" \/><\/figure>\n<\/div>\n\n\n\n<div class=\"wp-block-column is-layout-flow wp-block-column-is-layout-flow\" style=\"flex-basis:66.66%\"><h2 class=\"porto-heading\" style=\"\" data-appear-animation=\"fadeIn\">Gestisci il tuo negozio.\u00a0<strong><span class=\"has-inline-color has-primary-color\">In modo intelligente<\/span><\/strong><\/h2>\n\n\n<p>Il sistema di controllo ProShop per negozi consente di creare in modo semplice e intuitivo scenari piacevoli per i propri clienti. Le soluzioni offerte consentono anche di ridurre i costi energetici e incrementare il proprio business.<\/p>\n\n\n<a class=\"btn btn-md btn-primary\" href=\"http:\/\/www.spintel.it\/update\/shop\/\" data-appear-animation=\"fadeIn\"><span>Scopri di Pi\u00f9<\/span><\/a><\/div>\n<\/div>\n\n<\/div><\/section>\n\n<section class=\"vc_section porto-section porto-inner-container\"><div class=\"container\">\n\n<div class=\"wp-block-columns is-layout-flex wp-container-core-columns-is-layout-7 wp-block-columns-is-layout-flex\">\n<div class=\"wp-block-column is-layout-flow wp-block-column-is-layout-flow\" style=\"flex-basis:66.66%\"><h2 class=\"porto-heading\" style=\"\" data-appear-animation=\"fadeIn\">hotels e b&amp;b\u00a0<strong><span class=\"has-inline-color has-primary-color\">Clienti soddisfatti con semplicit\u00e0 e eleganza.<\/span><\/strong><\/h2>\n\n\n<p>L\u2019eleganza delle soluzioni della serie Hotels consente di gestire in modo ottimale le utenze che incidono maggiormente nelle strutture quali elettricit\u00e0 e acqua. Inoltre la gestione intelligente delle stanze consente ai clienti di trascorre piacevoli momenti di relax.<\/p>\n\n\n<a class=\"btn btn-md btn-primary\" href=\"http:\/\/www.spintel.it\/update\/hotel\/\" data-appear-animation=\"fadeIn\"><span>Scopri di Pi\u00f9<\/span><\/a><\/div>\n\n\n\n<div class=\"wp-block-column is-layout-flow wp-block-column-is-layout-flow\" style=\"flex-basis:33.33%\">\n<figure class=\"wp-block-image size-large\"><img loading=\"lazy\" decoding=\"async\" width=\"500\" height=\"500\" src=\"http:\/\/www.spintel.it\/update\/wp-content\/uploads\/2021\/01\/camerawsa-1024x723-2.png\" alt=\"\" class=\"wp-image-2510\" srcset=\"https:\/\/www.spintel.it\/update\/wp-content\/uploads\/2021\/01\/camerawsa-1024x723-2.png 500w, https:\/\/www.spintel.it\/update\/wp-content\/uploads\/2021\/01\/camerawsa-1024x723-2-400x400.png 400w, https:\/\/www.spintel.it\/update\/wp-content\/uploads\/2021\/01\/camerawsa-1024x723-2-367x367.png 367w\" sizes=\"(max-width: 500px) 100vw, 500px\" \/><\/figure>\n<\/div>\n<\/div>\n\n<\/div><\/section>\n\n\n<p><\/p>\n","protected":false},"excerpt":{"rendered":"<p>Privati La Spintel ha come uno dei suoi obiettivi pi\u00f9 importanti l\u2019utilizzo delle pi\u00f9 recenti tecnologie nel campo della domotica, in modo da poter realizzare un impianto domotico per la vostra abitazione e rendere la vostra casa un luogo molto confortevole e sicuro con costi contenuti ed accessibili a tutti. Condomini La Tecnologia ed il [&hellip;]<\/p>\n","protected":false},"author":1,"featured_media":0,"parent":0,"menu_order":0,"comment_status":"closed","ping_status":"closed","template":"","meta":{"footnotes":""},"class_list":["post-143","page","type-page","status-publish","hentry"],"_links":{"self":[{"href":"https:\/\/www.spintel.it\/update\/wp-json\/wp\/v2\/pages\/143"}],"collection":[{"href":"https:\/\/www.spintel.it\/update\/wp-json\/wp\/v2\/pages"}],"about":[{"href":"https:\/\/www.spintel.it\/update\/wp-json\/wp\/v2\/types\/page"}],"author":[{"embeddable":true,"href":"https:\/\/www.spintel.it\/update\/wp-json\/wp\/v2\/users\/1"}],"replies":[{"embeddable":true,"href":"https:\/\/www.spintel.it\/update\/wp-json\/wp\/v2\/comments?post=143"}],"version-history":[{"count":19,"href":"https:\/\/www.spintel.it\/update\/wp-json\/wp\/v2\/pages\/143\/revisions"}],"predecessor-version":[{"id":2513,"href":"https:\/\/www.spintel.it\/update\/wp-json\/wp\/v2\/pages\/143\/revisions\/2513"}],"wp:attachment":[{"href":"https:\/\/www.spintel.it\/update\/wp-json\/wp\/v2\/media?parent=143"}],"curies":[{"name":"wp","href":"https:\/\/api.w.org\/{rel}","templated":true}]}}