{"id":168,"date":"2020-07-30T16:28:46","date_gmt":"2020-07-30T14:28:46","guid":{"rendered":"http:\/\/www.spintel.it\/projects\/?page_id=168"},"modified":"2020-07-30T16:43:59","modified_gmt":"2020-07-30T14:43:59","slug":"comesto","status":"publish","type":"page","link":"https:\/\/www.spintel.it\/projects\/comesto\/","title":{"rendered":"comesto"},"content":{"rendered":"\n<figure class=\"wp-block-image\"><img loading=\"lazy\" decoding=\"async\" width=\"1024\" height=\"123\" src=\"http:\/\/www.spintel.it\/projects\/wp-content\/uploads\/2020\/07\/comesto_header_image-1024x123.png\" alt=\"\" class=\"wp-image-188\" srcset=\"https:\/\/www.spintel.it\/projects\/wp-content\/uploads\/2020\/07\/comesto_header_image-1024x123.png 1024w, https:\/\/www.spintel.it\/projects\/wp-content\/uploads\/2020\/07\/comesto_header_image-300x36.png 300w, https:\/\/www.spintel.it\/projects\/wp-content\/uploads\/2020\/07\/comesto_header_image-768x92.png 768w, https:\/\/www.spintel.it\/projects\/wp-content\/uploads\/2020\/07\/comesto_header_image-720x87.png 720w, https:\/\/www.spintel.it\/projects\/wp-content\/uploads\/2020\/07\/comesto_header_image.png 1338w\" sizes=\"(max-width: 1024px) 100vw, 1024px\" \/><\/figure>\n\n\n\n<div class=\"wp-block-image\"><figure class=\"aligncenter\"><img loading=\"lazy\" decoding=\"async\" width=\"1024\" height=\"203\" src=\"http:\/\/www.spintel.it\/projects\/wp-content\/uploads\/2020\/07\/comestologo-1024x203.jpg\" alt=\"\" class=\"wp-image-169\" srcset=\"https:\/\/www.spintel.it\/projects\/wp-content\/uploads\/2020\/07\/comestologo-1024x203.jpg 1024w, https:\/\/www.spintel.it\/projects\/wp-content\/uploads\/2020\/07\/comestologo-300x59.jpg 300w, https:\/\/www.spintel.it\/projects\/wp-content\/uploads\/2020\/07\/comestologo-768x152.jpg 768w, https:\/\/www.spintel.it\/projects\/wp-content\/uploads\/2020\/07\/comestologo-720x143.jpg 720w, https:\/\/www.spintel.it\/projects\/wp-content\/uploads\/2020\/07\/comestologo.jpg 1600w\" sizes=\"(max-width: 1024px) 100vw, 1024px\" \/><\/figure><\/div>\n\n\n\n<h2 class=\"wp-block-heading\">Descrizione<\/h2>\n\n\n\n<p> Il progetto ComEsto prevede la realizzazione di una piattaforma di gestione basata sul paradigma del Power Cloud, di un sito pilota e di un innovativo tool di pianificazione della rete basato su algoritmi di intelligenza artificiale e machine learning.<\/p>\n\n\n\n<p> La gestione dell\u2019energia elettrica prodotta dai sistemi di generazione e accumulata in sistemi di storage distribuiti integrati nella nanogrid saranno gestiti attraverso la realizzazione di una piattaforma virtuale basata sul paradigma del Power Cloud. La piattaforma render\u00e0 disponibile ai gestori della Community Energy Storage un sistema capace di gestire in maniera organica le risorse distribuite sul territorio, al fine non solo di ottimizzare la gestione energetica dell\u2019aggregazione, ma anche di agevolare la partecipazione al mercato del dispacciamento dell\u2019energia elettrica.<\/p>\n\n\n\n<p>La piattaforma ComESto si basa su modelli di gestione e controllo dei sistemi di accumulo (convenzionali e non) integrati nella nanogrid su diverse scale temporali che vanno dalla pianificazione alla programmazione su base mensile e giornaliera.<\/p>\n\n\n\n<p><\/p>\n\n\n\n<p>Il progetto ComESto prevede, inoltre, la sperimentazione in Sito Pilota di una Community Energy Storage che mira alla validazione \u201csul campo\u201d delle soluzioni tecnologiche sviluppate in fase progettuale e di un innovativo tool di pianificazione della rete basato su algoritmi di intelligenza artificiale e machine learning.<\/p>\n\n\n\n<h2 class=\"wp-block-heading\">Obiettivi Realizzativi<\/h2>\n\n\n\n<ul class=\"comestoPoint wp-block-list\"><li>Accettabilit\u00e0 sociale, mercato e potenzialit\u00e0, quadro regolatorio e Life Cycle Assessment. In particolare, verranno studiate le possibili azioni strategiche finalizzate al coinvolgimento dei cittadini e delle piccole PMI radicate nei territori di riferimento delle RdM. L\u2019obiettivo \u00e8 quello di dar vita ad uno sviluppo socio economico territorialmente radicato, che goda di ampia accettabilit\u00e0 da parte delle cittadinanze coinvolte e sia basato su reti di attori di supporto, capaci di definire un processo in cui il mondo della ricerca, il mondo dell\u2019impresa e il territorio perseguano il medesimo obiettivo dello sviluppo locale. <\/li><\/ul>\n\n\n\n<ul class=\"comestoPoint wp-block-list\"><li>Analisi e sperimentazione in scala di laboratorio di tecnologie di accumulo convenzionale. In questo obiettivo realizzativo verranno prese in esame le tecnologie di accumulo elettrochimico e elettrostatico convenzionalmente pi\u00f9 usate e saranno definite le soluzione per l\u2019integrazione delle stesse in una nanogrid. Si porr\u00e0 l\u2019attenzione sulle tecnologie di accumulo gi\u00e0 disponibili sul mercato e su quelle prossime all\u2019industrializzazione, analizzando il loro utilizzo ottimale in funzione della specifica utenza e della funzione da assolvere come elemento di un sistema di accumulo distribuito<\/li><\/ul>\n\n\n\n<p><\/p>\n\n\n\n<p><\/p>\n\n\n\n<ul class=\"comestoPoint wp-block-list\"><li>Analisi e sperimentazione in scala di laboratorio di tecnologie di accumulo non convenzionale In tale obiettivo realizzativo verranno analizzate soluzioni di accumulo dell\u2019energia elettrica sotto forma di altri vettori distribuiti quali il gas, l\u2019acqua ed il calore, nonch\u00e9 soluzioni alternative basate sulla mobilit\u00e0 elettrica.<\/li><\/ul>\n\n\n\n<figure class=\"wp-block-image\"><img loading=\"lazy\" decoding=\"async\" width=\"1019\" height=\"663\" src=\"http:\/\/www.spintel.it\/projects\/wp-content\/uploads\/2020\/07\/nanogrid_1.png\" alt=\"\" class=\"wp-image-179\" srcset=\"https:\/\/www.spintel.it\/projects\/wp-content\/uploads\/2020\/07\/nanogrid_1.png 1019w, https:\/\/www.spintel.it\/projects\/wp-content\/uploads\/2020\/07\/nanogrid_1-300x195.png 300w, https:\/\/www.spintel.it\/projects\/wp-content\/uploads\/2020\/07\/nanogrid_1-768x500.png 768w, https:\/\/www.spintel.it\/projects\/wp-content\/uploads\/2020\/07\/nanogrid_1-720x468.png 720w\" sizes=\"(max-width: 1019px) 100vw, 1019px\" \/><\/figure>\n\n\n\n<ul class=\"comestoPoint wp-block-list\"><li>Configurazione ottimale di una nanogrid per l\u2019integrazione e gestione di sistemi di accumulo e Fonti Rinnovabili. Un elemento centrale del progetto \u00e8 la nanogrid. Verranno effettuati test con diverse configurazioni della nanogrid in modo da identificare una configurazione ottimale sulla base della tipologia di sistema di accumulo. <\/li><\/ul>\n\n\n\n<ul class=\"comestoPoint wp-block-list\"><li>Progettazione della piattaforma per la gestione della Community Energy Storage. Lo scopo \u00e8 quello di realizzare una piattaforma basata sul paradigma del Cloud, piattaforma ComESto, che renda disponibile ai gestori della Community Energy Storage per l\u2019espletamento delle funzioni Energy Provider, un sistema in grado di gestire unitariamente le risorse distribuite in modo da raggiungere un\u2019ottimizzazione nella gestione energetica dell\u2019aggregazione ed alla partecipazione ai \u201cmercati per i servizi di dispacciamento specifico per le reti di distribuzione\u201d per l\u2019erogazione di servizi di bilanciamento\/dispacciamento. La piattaforma si completa con l\u2019infrastruttura software e hardware che consente di fornire, secondo le esigenze di rete, i servizi richiesti in accordo a quanto negoziato sul mercato.<\/li><\/ul>\n\n\n\n<ul class=\"comestoPoint wp-block-list\"><li>La rete evoluta: Pianificazione e automazione evoluta della rete di distribuzione del futuro in ottica Smart Grids. Per il raggiungimento di questo obiettivo nella proposta  progettuale si proceder\u00e0 allo sviluppo di un tool capace di eseguire in forma automatizzata analisi tecnico\/economico necessarie alla pianificazione della rete elettrica, finalizzate alla identificazione ottima dei nuovi interventi di rete. Gli algoritmi definiti all\u2019interno del tool dovranno consentire la valutazione del beneficio tecnico degli interventi e la loro prioritizzazione secondo logiche tecnico\/economiche in funzione anche dello scenario regolatorio. L\u2019applicazione di algoritmi innovativi e di Machine Learning fornir\u00e0 al pianificatore di rete supporto al processo decisionale nonch\u00e9 maggiore flessibilit\u00e0 nell\u2019adattare il modello di calcolo alle esigenze future della rete.<\/li><\/ul>\n\n\n\n<ul class=\"comestoPoint wp-block-list\"><li>Realizzazione dimostratore e sperimentazione in sito pilota della Community Energy Storage. Considerando l\u2019obiettivo finale e il risultato atteso di progetto si proceder\u00e0 alla sperimentazione delle soluzioni tecnologiche nonch\u00e9 dei modelli e degli algoritmi individuati e implementati al fine di procedere alla loro validazione attraverso l\u2019uso di indicatori di risultato<\/li><\/ul>\n\n\n\n<ul class=\"comestoPoint wp-block-list\"><li>Sperimentazione in sito pilota del tool di pianificazione della rete. La fase di test consister\u00e0 nell\u2019analisi e nella validazione dei risultati prendendo in considerazione diversi set di casi d\u2019uso. I casi analizzati andranno dal \u201ctradizionale\u201d, il quale includer\u00e0 gli input basici per la pianificazione di un lavoro di potenziamento della rete (modello attuale) a scenari \u201cevoluti\u201d nel quale si considerano input basati sui risultati del pilota della community storage di ComESto e serie storiche quali condizioni climatiche, dati econometrici, integrazione veicoli elettrici e generazione distribuita ecc.<\/li><\/ul>\n\n\n\n<ul class=\"comestoPoint wp-block-list\"><li>Il Piano di comunicazione, che non si limiter\u00e0 alla sola attivit\u00e0 promozionale, punter\u00e0 a rafforzare la comunit\u00e0 degli addetti ai lavori attraverso azioni finalizzate sia all\u2019incremento del numero degli utenti-fruitori sia alla loro progressiva trasformazione in parte attiva del progetto<\/li><\/ul>\n\n\n\n<h2 class=\"wp-block-heading\">Partners di Progetto<\/h2>\n\n\n\n<div class=\"wp-block-columns has-5-columns is-layout-flex wp-container-core-columns-is-layout-1 wp-block-columns-is-layout-flex\">\n<div class=\"wp-block-column is-layout-flow wp-block-column-is-layout-flow\">\n<figure class=\"wp-block-image\"><a href=\"https:\/\/www.e-distribuzione.it\/\"><img decoding=\"async\" src=\"http:\/\/www.comesto.eu\/wp-content\/uploads\/2019\/07\/logo1_e-distribuzione.png\" alt=\"\"\/><\/a><\/figure>\n<\/div>\n\n\n\n<div class=\"wp-block-column is-layout-flow wp-block-column-is-layout-flow\">\n<figure class=\"wp-block-image\"><a href=\"https:\/\/www.unical.it\/\"><img decoding=\"async\" src=\"http:\/\/www.comesto.eu\/wp-content\/uploads\/2019\/07\/logo2_unical.png\" alt=\"\"\/><\/a><\/figure>\n\n\n\n<p><\/p>\n<\/div>\n\n\n\n<div class=\"wp-block-column is-layout-flow wp-block-column-is-layout-flow\">\n<figure class=\"wp-block-image\"><a href=\"http:\/\/www.dhitech.it\/\"><img decoding=\"async\" src=\"http:\/\/www.comesto.eu\/wp-content\/uploads\/2019\/07\/dhitech.png\" alt=\"\"\/><\/a><\/figure>\n<\/div>\n\n\n\n<div class=\"wp-block-column is-layout-flow wp-block-column-is-layout-flow\">\n<figure class=\"wp-block-image\"><a href=\"http:\/\/www.enea.it\/\"><img decoding=\"async\" src=\"http:\/\/www.comesto.eu\/wp-content\/uploads\/2019\/07\/logo3_enea.png\" alt=\"\"\/><\/a><\/figure>\n<\/div>\n\n\n\n<div class=\"wp-block-column is-layout-flow wp-block-column-is-layout-flow\">\n<figure class=\"wp-block-image\"><a href=\"https:\/\/www.evolvere.io\/\"><img decoding=\"async\" src=\"http:\/\/www.comesto.eu\/wp-content\/uploads\/2019\/07\/logo4_evolvere.png\" alt=\"\"\/><\/a><\/figure>\n<\/div>\n<\/div>\n\n\n\n<div class=\"wp-block-columns has-5-columns is-layout-flex wp-container-core-columns-is-layout-2 wp-block-columns-is-layout-flex\">\n<div class=\"wp-block-column is-layout-flow wp-block-column-is-layout-flow\">\n<figure class=\"wp-block-image\"><a href=\"https:\/\/www.fbk.eu\/\"><img decoding=\"async\" src=\"http:\/\/www.comesto.eu\/wp-content\/uploads\/2019\/07\/logo5_fbk.png\" alt=\"\"\/><\/a><\/figure>\n<\/div>\n\n\n\n<div class=\"wp-block-column is-layout-flow wp-block-column-is-layout-flow\">\n<figure class=\"wp-block-image\"><a href=\"http:\/\/www.greenenergyspa.it\/\"><img decoding=\"async\" src=\"http:\/\/www.comesto.eu\/wp-content\/uploads\/2019\/07\/logo7_GreenEnergy.png\" alt=\"\"\/><\/a><\/figure>\n<\/div>\n\n\n\n<div class=\"wp-block-column is-layout-flow wp-block-column-is-layout-flow\">\n<figure class=\"wp-block-image\"><a href=\"http:\/\/www.greenenergystorage.eu\/\"><img decoding=\"async\" src=\"http:\/\/www.comesto.eu\/wp-content\/uploads\/2019\/07\/Green-Energy-Storage01-1.png\" alt=\"\"\/><\/a><\/figure>\n<\/div>\n\n\n\n<div class=\"wp-block-column is-layout-flow wp-block-column-is-layout-flow\">\n<figure class=\"wp-block-image\"><a href=\"http:\/\/www.ocima.com\/\"><img decoding=\"async\" src=\"http:\/\/www.comesto.eu\/wp-content\/uploads\/2019\/07\/ocima.png\" alt=\"\"\/><\/a><\/figure>\n<\/div>\n\n\n\n<div class=\"wp-block-column is-layout-flow wp-block-column-is-layout-flow\">\n<figure class=\"wp-block-image\"><a href=\"http:\/\/www.spintel.it\/\"><img decoding=\"async\" src=\"http:\/\/www.comesto.eu\/wp-content\/uploads\/2019\/07\/logo8_spintel.png\" alt=\"\"\/><\/a><\/figure>\n<\/div>\n<\/div>\n\n\n\n<div class=\"wp-block-columns has-5-columns is-layout-flex wp-container-core-columns-is-layout-3 wp-block-columns-is-layout-flex\">\n<div class=\"wp-block-column is-layout-flow wp-block-column-is-layout-flow\">\n<figure class=\"wp-block-image\"><a href=\"https:\/\/www.tenproject.it\/\"><img decoding=\"async\" src=\"http:\/\/www.comesto.eu\/wp-content\/uploads\/2019\/07\/tenproject.png\" alt=\"\"\/><\/a><\/figure>\n<\/div>\n\n\n\n<div class=\"wp-block-column is-layout-flow wp-block-column-is-layout-flow\">\n<figure class=\"wp-block-image\"><a href=\"https:\/\/www.telecomitalia.com\/\"><img decoding=\"async\" src=\"http:\/\/www.comesto.eu\/wp-content\/uploads\/2019\/07\/logo9_tim.png\" alt=\"\"\/><\/a><\/figure>\n<\/div>\n\n\n\n<div class=\"wp-block-column is-layout-flow wp-block-column-is-layout-flow\">\n<figure class=\"wp-block-image\"><a href=\"https:\/\/www.unisi.it\/\"><img decoding=\"async\" src=\"http:\/\/www.comesto.eu\/wp-content\/uploads\/2019\/07\/logo10_unisiena.png\" alt=\"\"\/><\/a><\/figure>\n<\/div>\n\n\n\n<div class=\"wp-block-column is-layout-flow wp-block-column-is-layout-flow\">\n<figure class=\"wp-block-image\"><a href=\"https:\/\/www.univpm.it\/\"><img decoding=\"async\" src=\"http:\/\/www.comesto.eu\/wp-content\/uploads\/2019\/07\/logo11-univpm-2013.png\" alt=\"\"\/><\/a><\/figure>\n<\/div>\n\n\n\n<div class=\"wp-block-column is-layout-flow wp-block-column-is-layout-flow\">\n<figure class=\"wp-block-image\"><a href=\"https:\/\/www.uniba.it\/\"><img decoding=\"async\" src=\"http:\/\/www.comesto.eu\/wp-content\/uploads\/2019\/09\/universita_bari.png\" alt=\"\"\/><\/a><\/figure>\n<\/div>\n<\/div>\n\n\n\n<hr class=\"wp-block-separator\"\/>\n\n\n\n<p style=\"text-align:center\"> <em><strong>Avviso 1735 del 13.07.2017 MIUR<\/strong><\/em> <strong>Progetti di Ricerca Industriale e Sviluppo Sperimentale nelle 12 Aree di Specializzazione individuate dal PNR 2015-2020<\/strong><\/p>\n\n\n\n<p style=\"text-align:center\"><strong>PROGETTO DI RICERCA INDUSTRIALE<\/strong><\/p>\n\n\n\n<div class=\"wp-block-columns has-2-columns is-layout-flex wp-container-core-columns-is-layout-4 wp-block-columns-is-layout-flex\">\n<div class=\"wp-block-column is-layout-flow wp-block-column-is-layout-flow\"><\/div>\n\n\n\n<div class=\"wp-block-column is-layout-flow wp-block-column-is-layout-flow\"><\/div>\n<\/div>\n","protected":false},"excerpt":{"rendered":"<p>Descrizione Il progetto ComEsto prevede la realizzazione di una piattaforma di gestione basata sul paradigma del Power Cloud, di un [&hellip;]<\/p>\n","protected":false},"author":1,"featured_media":0,"parent":0,"menu_order":0,"comment_status":"closed","ping_status":"closed","template":"page-templates\/template_fullwidth.php","meta":{"footnotes":""},"class_list":["post-168","page","type-page","status-publish","hentry"],"_links":{"self":[{"href":"https:\/\/www.spintel.it\/projects\/wp-json\/wp\/v2\/pages\/168"}],"collection":[{"href":"https:\/\/www.spintel.it\/projects\/wp-json\/wp\/v2\/pages"}],"about":[{"href":"https:\/\/www.spintel.it\/projects\/wp-json\/wp\/v2\/types\/page"}],"author":[{"embeddable":true,"href":"https:\/\/www.spintel.it\/projects\/wp-json\/wp\/v2\/users\/1"}],"replies":[{"embeddable":true,"href":"https:\/\/www.spintel.it\/projects\/wp-json\/wp\/v2\/comments?post=168"}],"version-history":[{"count":24,"href":"https:\/\/www.spintel.it\/projects\/wp-json\/wp\/v2\/pages\/168\/revisions"}],"predecessor-version":[{"id":202,"href":"https:\/\/www.spintel.it\/projects\/wp-json\/wp\/v2\/pages\/168\/revisions\/202"}],"wp:attachment":[{"href":"https:\/\/www.spintel.it\/projects\/wp-json\/wp\/v2\/media?parent=168"}],"curies":[{"name":"wp","href":"https:\/\/api.w.org\/{rel}","templated":true}]}}